{"id":1045,"date":"2015-08-31T17:50:16","date_gmt":"2015-08-31T17:50:16","guid":{"rendered":"http:\/\/www.laboratoriourbanoaperto.com\/lua\/?page_id=1045"},"modified":"2016-05-23T09:38:16","modified_gmt":"2016-05-23T09:38:16","slug":"rigenerazione-urbana-lecce","status":"publish","type":"page","link":"https:\/\/laboratoriourbanoaperto.com\/lua\/index.php\/rigenerazione-urbana-lecce","title":{"rendered":"RIGENERAZIONE URBANA LECCE"},"content":{"rendered":"<div class=\"l-submain\"><div class=\"l-submain-h g-html i-cf\"><div class=\"accordion collapse ui-accordion ui-widget ui-helper-reset ui-accordion-icons\">\n<div class=\"section  \">\n<div class=\"sectioncontent ui-accordion-content ui-helper-reset ui-widget-content ui-corner-bottom ui-accordion-content-active\">Nell\u2019Ottobre 2009 con il Laboratorio del Programma Integrato di Rigenerazione Urbana del quartiere Leuca (secondo la L.R. n. 21\/2008 \u201cNorme per la rigenerazione urbana\u201d che persegue il miglioramento delle condizioni urbanistiche, abitative, socio-economiche, ambientali e culturali puntando sul coinvolgimento delle comunit\u00e0 nei processi decisionali) abbiamo provato a immaginare la citt\u00e0 partendo da chi ogni giorno la vive e la attraversa.. Il laboratorio \u00e8 stato promosso in collaborazione con il Comune di Lecce, Settore Pianificazione e Sviluppo del Territorio e Settore Programmazione e Strategie Territoriali e organizzato dall\u2019Associazione Laboratorio Urbano Aperto (LUA) e da Manifatture Knos, con la partecipazione di 30 associazioni che grazie alla creativit\u00e0 e all\u2019incontro con gli abitanti hanno prodotto 95 idee per il quartiere e 18 tematiche che rappresentano il contenuto del Documento Programmatico del Piano di Rigenerazione Urbana. Cura, integrazione e vivere comune, dimensione sociale, architettura, risparmio energetico, riciclo, inquinamento, infrastrutture tecnologiche, spazi pubblici e collettivi, attrezzature servizi e funzioni, qualit\u00e0 dello spazio urbano, parchi e reti ecologiche, memoria, sicurezza, cave, arte e cultura, sport, mobilit\u00e0 sono le linee guida attraverso le quali impostare i progetti di trasformazione e rinnovamento del quartiere.<\/div>\n<div class=\"sectioncontent ui-accordion-content ui-helper-reset ui-widget-content ui-corner-bottom ui-accordion-content-active\"><\/div>\n<\/div>\n<\/div>\n<h3 class=\"sectioncontent ui-accordion-content ui-helper-reset ui-widget-content ui-corner-bottom ui-accordion-content-active\"><a href=\"http:\/\/www.rigenerazioneurbanalecce.it\">www.rigenerazioneurbanalecce.it<\/a><\/h3>\n<p><span class=\"highlight two\">\u00a0<\/span><\/p>\n<\/div><\/div>","protected":false},"excerpt":{"rendered":"<p>Nell\u2019Ottobre 2009 con il Laboratorio del Programma Integrato di Rigenerazione Urbana del quartiere Leuca (secondo la L.R. n. 21\/2008 \u201cNorme per la rigenerazione urbana\u201d che persegue il miglioramento delle condizioni urbanistiche, abitative, socio-economiche, ambientali e culturali puntando sul coinvolgimento delle&#8230;<\/p>\n","protected":false},"author":3,"featured_media":0,"parent":0,"menu_order":0,"comment_status":"closed","ping_status":"closed","template":"page-sidebar_right.php","meta":{"footnotes":""},"_links":{"self":[{"href":"https:\/\/laboratoriourbanoaperto.com\/lua\/index.php\/wp-json\/wp\/v2\/pages\/1045"}],"collection":[{"href":"https:\/\/laboratoriourbanoaperto.com\/lua\/index.php\/wp-json\/wp\/v2\/pages"}],"about":[{"href":"https:\/\/laboratoriourbanoaperto.com\/lua\/index.php\/wp-json\/wp\/v2\/types\/page"}],"author":[{"embeddable":true,"href":"https:\/\/laboratoriourbanoaperto.com\/lua\/index.php\/wp-json\/wp\/v2\/users\/3"}],"replies":[{"embeddable":true,"href":"https:\/\/laboratoriourbanoaperto.com\/lua\/index.php\/wp-json\/wp\/v2\/comments?post=1045"}],"version-history":[{"count":2,"href":"https:\/\/laboratoriourbanoaperto.com\/lua\/index.php\/wp-json\/wp\/v2\/pages\/1045\/revisions"}],"predecessor-version":[{"id":1073,"href":"https:\/\/laboratoriourbanoaperto.com\/lua\/index.php\/wp-json\/wp\/v2\/pages\/1045\/revisions\/1073"}],"wp:attachment":[{"href":"https:\/\/laboratoriourbanoaperto.com\/lua\/index.php\/wp-json\/wp\/v2\/media?parent=1045"}],"curies":[{"name":"wp","href":"https:\/\/api.w.org\/{rel}","templated":true}]}}