{"id":2,"date":"2011-02-07T16:18:02","date_gmt":"2011-02-07T16:18:02","guid":{"rendered":"http:\/\/www.laboratoriourbanoaperto.com\/lua\/?page_id=2"},"modified":"2016-05-23T09:37:48","modified_gmt":"2016-05-23T09:37:48","slug":"info","status":"publish","type":"page","link":"https:\/\/laboratoriourbanoaperto.com\/lua\/index.php\/info","title":{"rendered":"Chi siamo"},"content":{"rendered":"<div class=\"l-submain\"><div class=\"l-submain-h g-html i-cf\"><div class=\"g-cols\"><div class=\"full-width\">\n\t<div class=\"wpb_text_column \">\n\t\t<div class=\"wpb_wrapper\">\n\t\t\t<strong>Laboratorio Urbano Aperto<\/strong> \u00e8 nato a San Cassiano (Lecce) nel 2001. Nell\u2019ottobre 2005 si \u00e8 costituito in associazione culturale con sede a San Cassiano, conservando la precisa volont\u00e0 di mantenere e salvaguardare il carattere autorganizzato e spontaneo che ha accompagnato la sua nascita. Intorno al nucleo che formalmente \u00e8 costituito dai fondatori dell\u2019associazione, opera un gruppo eterogeneo di persone, costituito da diverse figure professionali, dall\u2019architetto all\u2019agronomo, dall\u2019urbanista al funzionario pubblico, dal regista al comunicatore, dal sociologo al giornalista, dal filosofo e dall\u2019esperto in scienze politiche al giurista, dal fotografo al musicista, dal professionista alla persona che ha a cuore i problemi del territorio, dall\u2019esperto in animazione, partecipazione, mediazione a chi da sempre si adopera in vario modo e si spende per e all\u2019interno della propria comunit\u00e0, ai neofiti, ai visionari, ai realisti, tutti accomunati da una missione, che ciascuno modula e arricchisce in funzione del proprio retroterra culturale, disponibilit\u00e0, sensibilit\u00e0 e competenze.<\/p>\n<p>Di cosa si occupa il LUA ?<\/p>\n<p>Uno dei proposti della progettazione partecipata \u00e8 costruire processi che coinvolgano gli utenti finali dei progetti. Se il progetto \u00e8 la citt\u00e0, il territorio, gli utenti sono gli abitanti. Il progetto \u00e8 parte integrante del processo e dunque costruito collettivamente con l\u2019apporto di pi\u00f9 discipline e di punti di vista diversi.<\/p>\n<p>Laboratorio Urbano Aperto affronta il tema della progettazione partecipata attraverso processi di visione e costruzione creativa dello spazio. Nel processo sono introdotti specifici pacchetti, kit e spazi artificiali di \u201cpronto utilizzo creativo\u201d che avvicinino e stimolino le persone coinvolte a partecipare con un approccio ludico e fattuale.<br \/>\nIl tentativo \u00e8 di superare il concetto di partecipazione che produce consenso acritico adottando il potere della creativit\u00e0 che produce spazio e scenari futuri. Soggetto della progettazione partecipata \u00e8 la persona. La persona vive il proprio spazio. Lo spazio \u00e8 modificato dall\u2019incontro con un\u2019altra persona attraverso un processo di reciproca stimolazione creativa in forma di laboratorio.Pertanto, data la natura multidisciplinare, le attivit\u00e0 e i campi di sperimentazione del Laboratorio Urbano Aperto sono multiformi ed eterogenei ma con obiettivi molto precisi: lavorare ai processi di trasformazione del territorio inserendo negli iter progettuali i laboratori di progettazione partecipata visti come strumenti capaci di produrre idee che influenzino e migliorino la pianificazione territoriale; incentivare scambi culturali e promuovere la messa in rete di realt\u00e0 che perseguano le medesime finalit\u00e0, compresi enti pubblici e privati, associazioni culturali, consorzi, cooperative;contribuire alla diffusione di approcci creativi ai processi partecipativi finalizzati alla promozione delle politiche di sviluppo del territorio, mediante strumenti e metodologie sempre rinnovati e dettati dai contesti sociali, economici, culturali e territoriali in cui si opera; promuovere l\u2019uso dei differenti linguaggi artistici e comunicativi come strumento di ricerca e di indagine sul territorio, di espressione e condivisione di sensazioni, pensieri e impressioni, che affiancati all\u2019indagine tecnico-scientifica, favoriscono un approccio multivisuale alla complessit\u00e0 del territorio. promuovere autonomamente (anche in collaborazione con privati cittadini, gruppi, enti e organizzazioni pubbliche) iniziative di studio, analisi, conoscenza e di sperimentazione, aventi per oggetto il territorio, il suo sviluppo e i suoi abitanti; Ricominciare a immaginare, pensare, programmare, progettare il presente e il futuro del proprio quartiere, della propria citt\u00e0, del proprio territorio significa riappropriarsi di una pratica troppo spesso snaturata, spersonalizzata, decontestualizzata, fatta sprofondare nella burocrazia e allo stesso tempo, un modo per tornare ad essere e a sentirsi gruppo solidale, collettivit\u00e0, comunit\u00e0.\n\t\t<\/div> \n\t<\/div> <\/div><\/div>\n<\/div><\/div>","protected":false},"excerpt":{"rendered":"Laboratorio Urbano Aperto \u00e8 nato a San Cassiano (Lecce) nel 2001. Nell\u2019ottobre 2005 si \u00e8 costituito in associazione culturale con sede a San Cassiano, conservando la precisa volont\u00e0 di mantenere e salvaguardare il carattere autorganizzato e spontaneo che ha accompagnato...","protected":false},"author":3,"featured_media":0,"parent":0,"menu_order":0,"comment_status":"closed","ping_status":"closed","template":"page-sidebar_right.php","meta":{"footnotes":""},"_links":{"self":[{"href":"https:\/\/laboratoriourbanoaperto.com\/lua\/index.php\/wp-json\/wp\/v2\/pages\/2"}],"collection":[{"href":"https:\/\/laboratoriourbanoaperto.com\/lua\/index.php\/wp-json\/wp\/v2\/pages"}],"about":[{"href":"https:\/\/laboratoriourbanoaperto.com\/lua\/index.php\/wp-json\/wp\/v2\/types\/page"}],"author":[{"embeddable":true,"href":"https:\/\/laboratoriourbanoaperto.com\/lua\/index.php\/wp-json\/wp\/v2\/users\/3"}],"replies":[{"embeddable":true,"href":"https:\/\/laboratoriourbanoaperto.com\/lua\/index.php\/wp-json\/wp\/v2\/comments?post=2"}],"version-history":[{"count":14,"href":"https:\/\/laboratoriourbanoaperto.com\/lua\/index.php\/wp-json\/wp\/v2\/pages\/2\/revisions"}],"predecessor-version":[{"id":2821,"href":"https:\/\/laboratoriourbanoaperto.com\/lua\/index.php\/wp-json\/wp\/v2\/pages\/2\/revisions\/2821"}],"wp:attachment":[{"href":"https:\/\/laboratoriourbanoaperto.com\/lua\/index.php\/wp-json\/wp\/v2\/media?parent=2"}],"curies":[{"name":"wp","href":"https:\/\/api.w.org\/{rel}","templated":true}]}}