{"id":929,"date":"2008-09-28T14:46:52","date_gmt":"2008-09-28T14:46:52","guid":{"rendered":"http:\/\/laboratoriourbanoaperto.wordpress.com\/?page_id=178"},"modified":"2008-09-28T14:46:52","modified_gmt":"2008-09-28T14:46:52","slug":"laboratorio-2008","status":"publish","type":"page","link":"https:\/\/laboratoriourbanoaperto.com\/lua\/index.php\/curriculum\/san-cassiano-2005-2008-iii-fase\/maledetti-paduli\/laboratorio-2008","title":{"rendered":"Laboratorio 2008"},"content":{"rendered":"<div class=\"l-submain\"><div class=\"l-submain-h g-html i-cf\"><h5 style=\"text-align:center;\">per il <em>diario di bordo<\/em> e\u00a0le <em>news<\/em> vai su:<\/h5>\n<h3 style=\"text-align:center;\"><a href=\"http:\/\/maledettipaduli.blogspot.com\"><span style=\"color:#ff0000;\">http:\/\/maledettipaduli.blogspot.com<\/span><\/a><\/h3>\n<p style=\"text-align:center;\">\u00a0<\/p>\n<h5 style=\"text-align:center;\">\u00a0\u00a0per l&#8217;<em>album fotografico<\/em> sul <em>Laboratorio &#8220;Maledetti Paduli&#8221;<\/em> vai su:<\/h5>\n<h3 style=\"text-align:center;\"><a href=\"http:\/\/picasaweb.google.it\/luapaduli\/LaboratorioMaledettiPaduli\"><span style=\"color:#ff0000;\">http:\/\/picasaweb.google.it\/luapaduli\/LaboratorioMaledettiPaduli<\/span><\/a>\u00a0<\/h3>\n<p style=\"text-align:center;\">\u00a0<\/p>\n<h5 style=\"text-align:center;\">per l&#8217;<em>album<\/em> <em>fotografico<\/em> sui\u00a0<em>Ritratti<\/em> vai su:<\/h5>\n<h3 style=\"text-align:center;\"><a href=\"http:\/\/picasaweb.google.it\/luapaduli\/Ritratti\"><span style=\"color:#ff0000;\">http:\/\/picasaweb.google.it\/luapaduli\/Ritratti<\/span><\/a><\/h3>\n<p style=\"text-align:center;\">[youtube=http:\/\/www.youtube.com\/watch?v=0GBtjk8l38s&amp;hl=it&amp;fs=1]\n<p style=\"text-align:center;\">\u00a0<\/p>\n<p style=\"text-align:center;\">\u00a0<\/p>\n<p><strong><em><span style=\"color:#ff0000;\">Il laboratorio 2008 &#8211; Lua Paduli<\/span><\/em><\/strong><\/p>\n<p>Il laboratorio svolto tra il 27 Luglio e il 3 Agosto 2008 \u00e8 stato il frutto di un percorso iniziato nell&#8217;autunno 2007 attraverso l&#8217;organizzazione di incontri e la formazione di una Consulta delle associazioni locali coordinata dall&#8217;Amministrazione Comunale con le quali si \u00e8 proceduto a definire le idee e il coordinamento del laboratorio. Per sostenere economicamente il lavoro del laboratorio si \u00e8 proceduto a definire un accordo tra Comune e commercianti attraverso i &#8220;conti aperti&#8221; presso gli esercenti fornitori di materiale per la costruzione dei lavori dei partecipanti, coperti finanziariamente dal Comune. Si \u00e8 inoltre attivata una collaborazione tra Pro Loco e affittuari per garantire la disponibilit\u00e0 di case accessibili a prezzi equi cos\u00ec come la definizione di men\u00f9 appositi presso i ristoratori.<\/p>\n<p>Il laboratorio pu\u00f2 essere sintetizzato in fasi di cui di seguito si indicano gli strumenti, gli attori coinvolti, i luoghi e le date:<\/p>\n<p><strong>\u00a0<\/strong><\/p>\n<p style=\"text-align:center;\">\n<table border=\"0\" cellspacing=\"0\" cellpadding=\"0\">\n<tbody>\n<tr>\n<td width=\"128\" valign=\"top\"><strong>Fase<\/strong><\/td>\n<td width=\"168\" valign=\"top\"><strong>Soggetti coinvolti<\/strong><\/td>\n<td width=\"154\" valign=\"top\"><strong>Come<\/strong><\/td>\n<td width=\"88\" valign=\"top\"><strong>Dove<\/strong><\/td>\n<td width=\"105\" valign=\"top\"><strong>Quando<\/strong><\/td>\n<\/tr>\n<tr>\n<td width=\"128\" valign=\"top\">\n<p align=\"left\"><em>1 &#8211; Preparazione e coordinamento in fase di elaborazione<\/em><\/p>\n<\/td>\n<td width=\"168\" valign=\"top\">\n<p align=\"left\">Amministratori comunali di San Cassiano, amministrazione\u00a0 regionale; amministrazione\u00a0 provinciale; Apt della\u00a0 Provincia di Lecce;<br \/>\nassociazioni locali; Lua;<br \/>\nimprenditori; commercianti;<\/p>\n<\/td>\n<td width=\"154\" valign=\"top\">\n<p align=\"left\">Incontri diretti<\/p>\n<\/td>\n<td width=\"88\" valign=\"top\">\n<p align=\"left\">San Cassiano<\/p>\n<\/td>\n<td width=\"105\" valign=\"top\">\n<p align=\"left\">Ottobre 2007-Maggio 2008<\/p>\n<\/td>\n<\/tr>\n<tr>\n<td width=\"128\" valign=\"top\">\n<p align=\"left\"><em>2-\u00a0 Invito a partecipare<\/em><\/p>\n<\/td>\n<td width=\"168\" valign=\"top\">\n<p align=\"left\">Amministratori pubblici dei comuni interessati all&#8217;area,<br \/>\nassociazioni locali; Lua;<br \/>\nabitanti; esterni.<\/p>\n<\/td>\n<td width=\"154\" valign=\"top\">\n<p align=\"left\">Incontri pubblici; incontri privati; stampa; manifesti; e-mail; passaparola; flyer; telefonate dirette<\/p>\n<\/td>\n<td width=\"88\" valign=\"top\">\n<p align=\"left\">San Cassiano; internet; Lecce;<\/p>\n<\/td>\n<td width=\"105\" valign=\"top\">\n<p align=\"left\">Aprile-Luglio 2008<\/p>\n<\/td>\n<\/tr>\n<tr>\n<td width=\"128\" valign=\"top\">\n<p align=\"left\"><em>3 &#8211; Raccolta delle adesioni<\/em><\/p>\n<\/td>\n<td width=\"168\" valign=\"top\">\n<p align=\"left\">Amministratori comunali,<br \/>\nassociazioni locali; Lua;<br \/>\nabitanti; esterni.<\/p>\n<\/td>\n<td width=\"154\" valign=\"top\">\n<p align=\"left\">E-mail; telefonate; incontri diretti<\/p>\n<\/td>\n<td width=\"88\" valign=\"top\">\n<p align=\"left\">San Cassiano; internet<\/p>\n<\/td>\n<td width=\"105\" valign=\"top\">\n<p align=\"left\">Aprile-Luglio 2008<\/p>\n<\/td>\n<\/tr>\n<tr>\n<td width=\"128\" valign=\"top\">\n<p align=\"left\"><em>4 &#8211; Primo incontro in piazza<\/em><\/p>\n<\/td>\n<td width=\"168\" valign=\"top\">\n<p align=\"left\">Partecipanti al laboratorio e persone interessate ad iscriversi; amministratori pubblici dei comuni interessati all&#8217;area; rappresentanti dell&#8217;amministrazione regionale; rappresentanti dell&#8217;Apt della\u00a0 Provincia di Lecce; abitanti;<\/p>\n<\/td>\n<td width=\"154\" valign=\"top\">\n<p align=\"left\">Incontro pubblico aperto: si richiamano le regole del laboratorio e chi vuole\u00a0 introduce la propria\u00a0 proposta di ricerca.<\/p>\n<\/td>\n<td width=\"88\" valign=\"top\">\n<p align=\"left\">San Cassiano<\/p>\n<\/td>\n<td width=\"105\" valign=\"top\">\n<p align=\"left\">27 Luglio 2008<\/p>\n<\/td>\n<\/tr>\n<tr>\n<td width=\"128\" valign=\"top\">\n<p align=\"left\"><em>5 &#8211; Formazione dei gruppi<\/em><\/p>\n<\/td>\n<td width=\"168\" valign=\"top\">\n<p align=\"left\">Partecipanti al laboratorio e persone interessate ad iscriversi; associazioni locali; abitanti;<\/p>\n<\/td>\n<td width=\"154\" valign=\"top\">\n<p align=\"left\">I titoli delle proposte di ricerca vengono affissi e ognuno pu\u00f2 decidere di partecipare iscrivendosi al gruppo<\/p>\n<\/td>\n<td width=\"88\" valign=\"top\">\n<p align=\"left\">San Cassiano<\/p>\n<\/td>\n<td width=\"105\" valign=\"top\">\n<p align=\"left\">27 &#8211; 31 Luglio 2008<\/p>\n<\/td>\n<\/tr>\n<tr>\n<td width=\"128\" valign=\"top\">\n<p align=\"left\"><em>6 &#8211; Laboratorio<\/em><\/p>\n<\/td>\n<td width=\"168\" valign=\"top\">\n<p align=\"left\">Partecipanti al laboratorio; associazioni locali;\u00a0 abitanti;<\/p>\n<\/td>\n<td width=\"154\" valign=\"top\">\n<p align=\"left\">Lavoro di gruppo; attivit\u00e0 indotte di scoperta del luogo (escursioni con esperti locali; incontri con produttori di olio; incontri con amministratori pubblici dei comuni interessati, ecc.)<\/p>\n<\/td>\n<td width=\"88\" valign=\"top\">\n<p align=\"left\">San Cassiano;\u00a0 Paduli<\/p>\n<\/td>\n<td width=\"105\" valign=\"top\">\n<p align=\"left\">27 Luglio &#8211; 2 Agosto 2008<\/p>\n<\/td>\n<\/tr>\n<tr>\n<td width=\"128\" valign=\"top\">\n<p align=\"left\"><em>7 &#8211; Evento<\/em><\/p>\n<\/td>\n<td width=\"168\" valign=\"top\">\n<p align=\"left\">Partecipanti al laboratorio; abitanti; Amministratori comunali di San Cassiano, amministrazione regionale; amministrazione provinciale;<br \/>\nassociazioni locali; Lua;<br \/>\nimprenditori; commercianti; stampa;\u00a0<\/p>\n<\/td>\n<td width=\"154\" valign=\"top\">\n<p align=\"left\">Installazioni video, performance, ricerche scritte, stampe, fotografia, racconti, teatro, produzione cartografica, interviste video, ecc, presentate in un unico evento tra gli ulivi dei Paduli<\/p>\n<\/td>\n<td width=\"88\" valign=\"top\">\n<p align=\"left\">San Cassiano; Paduli<\/p>\n<\/td>\n<td width=\"105\" valign=\"top\">\n<p align=\"left\">3 Agosto 2008<\/p>\n<\/td>\n<\/tr>\n<\/tbody>\n<\/table>\n<p>\u00a0<\/p>\n<p><strong><span style=\"color:#ff0000;\">Per visualizzare il VIDEO prodotto sulle attivit\u00e0 del Laboratorio 2008 (prima, seconda e terza parte)<\/span><\/strong><\/p>\n<p><a href=\"http:\/\/it.youtube.com\/watch?v=LRm5U8706NM\">http:\/\/it.youtube.com\/watch?v=LRm5U8706NM<\/a><\/p>\n<p><a href=\"http:\/\/it.youtube.com\/watch?v=ryvUNojbC7w\">http:\/\/it.youtube.com\/watch?v=ryvUNojbC7w<\/a><\/p>\n<p><a href=\"http:\/\/it.youtube.com\/watch?v=uBYSOlUHOYM\">http:\/\/it.youtube.com\/watch?v=uBYSOlUHOYM<\/a><\/p>\n<\/div><\/div>","protected":false},"excerpt":{"rendered":"<p>per il diario di bordo e\u00a0le news vai su: http:\/\/maledettipaduli.blogspot.com \u00a0 \u00a0\u00a0per l&#8217;album fotografico sul Laboratorio &#8220;Maledetti Paduli&#8221; vai su: http:\/\/picasaweb.google.it\/luapaduli\/LaboratorioMaledettiPaduli\u00a0 \u00a0 per l&#8217;album fotografico sui\u00a0Ritratti vai su: http:\/\/picasaweb.google.it\/luapaduli\/Ritratti [youtube=http:\/\/www.youtube.com\/watch?v=0GBtjk8l38s&amp;hl=it&amp;fs=1] \u00a0 \u00a0 Il laboratorio 2008 &#8211; Lua Paduli Il laboratorio&#8230;<\/p>\n","protected":false},"author":3,"featured_media":0,"parent":926,"menu_order":1,"comment_status":"open","ping_status":"closed","template":"","meta":{"footnotes":""},"_links":{"self":[{"href":"https:\/\/laboratoriourbanoaperto.com\/lua\/index.php\/wp-json\/wp\/v2\/pages\/929"}],"collection":[{"href":"https:\/\/laboratoriourbanoaperto.com\/lua\/index.php\/wp-json\/wp\/v2\/pages"}],"about":[{"href":"https:\/\/laboratoriourbanoaperto.com\/lua\/index.php\/wp-json\/wp\/v2\/types\/page"}],"author":[{"embeddable":true,"href":"https:\/\/laboratoriourbanoaperto.com\/lua\/index.php\/wp-json\/wp\/v2\/users\/3"}],"replies":[{"embeddable":true,"href":"https:\/\/laboratoriourbanoaperto.com\/lua\/index.php\/wp-json\/wp\/v2\/comments?post=929"}],"version-history":[{"count":0,"href":"https:\/\/laboratoriourbanoaperto.com\/lua\/index.php\/wp-json\/wp\/v2\/pages\/929\/revisions"}],"up":[{"embeddable":true,"href":"https:\/\/laboratoriourbanoaperto.com\/lua\/index.php\/wp-json\/wp\/v2\/pages\/926"}],"wp:attachment":[{"href":"https:\/\/laboratoriourbanoaperto.com\/lua\/index.php\/wp-json\/wp\/v2\/media?parent=929"}],"curies":[{"name":"wp","href":"https:\/\/api.w.org\/{rel}","templated":true}]}}